{"id":7366,"date":"2015-11-18T08:37:53","date_gmt":"2015-11-18T08:37:53","guid":{"rendered":"http:\/\/interior-design.cmsmasters.net\/?page_id=7366"},"modified":"2025-07-16T11:56:20","modified_gmt":"2025-07-16T11:56:20","slug":"home-store","status":"publish","type":"page","link":"https:\/\/thehouserooms.com\/","title":{"rendered":"Home"},"content":{"rendered":"<div id=\"cmsmasters_row_a034083e84\" class=\"cmsmasters_row cmsmasters_color_scheme_default cmsmasters_row_top_default cmsmasters_row_bot_default cmsmasters_row_fullwidth\">\n<div class=\"cmsmasters_row_outer_parent\">\n<div class=\"cmsmasters_row_outer\">\n<div class=\"cmsmasters_row_inner cmsmasters_row_fullwidth\">\n<div class=\"cmsmasters_row_margin\">\n<div id=\"cmsmasters_column_b1fc1e033d\" class=\"cmsmasters_column one_first\">\n<div class=\"cmsmasters_column_inner\">\n<div class=\"cmsmasters_slider\">\n\t\t\t\t<p class=\"rs-p-wp-fix\"><\/p>\n\t\t\t\t<sr7-module data-alias=\"Homepage-Slider\" data-id=\"2\" id=\"SR7_2_1\" class=\"rs-ov-hidden\" data-version=\"6.7.28\">\n\t\t\t\t\t<sr7-adjuster><\/sr7-adjuster>\n\t\t\t\t\t<sr7-content>\n\t\t\t\t\t\t<sr7-slide id=\"SR7_2_1-3\" data-key=\"3\">\n\t\t\t\t\t\t\t<sr7-bg id=\"SR7_2_1-3-5\" class=\"sr7-layer\"><noscript><img decoding=\"async\" src=\"https:\/\/thehouserooms.com\/wp-content\/uploads\/2025\/03\/slider-1-1.png\" alt=\"\" title=\"slider-1\"><\/noscript><\/sr7-bg>\n\t\t\t\t\t\t\t<h6 id=\"SR7_2_1-3-1\" class=\"sr7-layer\">FINEST HOTEL COLLECTION<\/h6>\n\t\t\t\t\t\t\t<sr7-txt id=\"SR7_2_1-3-2\" class=\"sr7-layer\">Feel Like Home<\/sr7-txt>\n\t\t\t\t\t\t\t<sr7-txt id=\"SR7_2_1-3-4\" class=\"sr7-layer\">FIND MORE<\/sr7-txt>\n\t\t\t\t\t\t<\/sr7-slide>\n\t\t\t\t\t\t<sr7-slide id=\"SR7_2_1-4\" data-key=\"4\">\n\t\t\t\t\t\t\t<sr7-bg id=\"SR7_2_1-4-5\" class=\"sr7-layer\"><noscript><img decoding=\"async\" src=\"https:\/\/thehouserooms.com\/wp-content\/uploads\/2025\/07\/slider-1.png\" alt=\"\" title=\"slider-1\"><\/noscript><\/sr7-bg>\n\t\t\t\t\t\t\t<h6 id=\"SR7_2_1-4-1\" class=\"sr7-layer\">FINEST HOTEL COLLECTION<\/h6>\n\t\t\t\t\t\t\t<sr7-txt id=\"SR7_2_1-4-2\" class=\"sr7-layer\">Book Early Save More<\/sr7-txt>\n\t\t\t\t\t\t\t<sr7-txt id=\"SR7_2_1-4-4\" class=\"sr7-layer\">ROOMS & SUITES<\/sr7-txt>\n\t\t\t\t\t\t<\/sr7-slide>\n\t\t\t\t\t<\/sr7-content>\n\t\t\t\t\t<image_lists style=\"display:none\">\n\t\t\t\t\t\t<img data-src=\"\/\/thehouserooms.com\/wp-content\/uploads\/2025\/03\/slider-1-1.png\" data-libid=\"14884\" data-lib=\"medialibrary\" title=\"slider-1\" width=\"0\" height=\"0\" data-dbsrc=\"Ly90aGVob3VzZXJvb21zLmNvbS93cC1jb250ZW50L3VwbG9hZHMvMjAyNS8wMy9zbGlkZXItMS0xLnBuZw==\"\/>\n\t\t\t\t\t\t<img data-src=\"\/\/thehouserooms.com\/wp-content\/uploads\/2025\/07\/slider-1.png\" data-libid=\"14958\" data-lib=\"medialibrary\" title=\"slider-1\" width=\"0\" height=\"0\" data-dbsrc=\"Ly90aGVob3VzZXJvb21zLmNvbS93cC1jb250ZW50L3VwbG9hZHMvMjAyNS8wNy9zbGlkZXItMS5wbmc=\"\/>\n\t\t\t\t\t<\/image_lists>\n\t\t\t\t<\/sr7-module>\n\t\t\t\t<script>\n\t\t\t\t\tSR7.PMH ??={}; SR7.PMH[\"SR7_2_1\"] = {cn:100,state:false,fn: function() { if (_tpt!==undefined && _tpt.prepareModuleHeight !== undefined) {  _tpt.prepareModuleHeight({id:\"SR7_2_1\",el:[885,885,768,600,420],type:'standard',shdw:'0',gh:[885,885,768,600,420],gw:[1920,1920,1024,778,480],vpt:['-100px&#039;,&#039;-100px&#039;,&#039;-100px&#039;,&#039;-100px&#039;,&#039;-100px'],size:{fullWidth:false, fullHeight:false},mh:'0',onh:0,onw:0,bg:{color:'{\"orig\":\"transparent\",\"type\":\"solid\",\"string\":\"transparent\"}'},plType:'0',plColor:'#FFFFFF'});   SR7.PMH[\"SR7_2_1\"].state=true;} else if(SR7.PMH[\"SR7_2_1\"].cn-->0)\tsetTimeout( SR7.PMH[\"SR7_2_1\"].fn,19);}};SR7.PMH[\"SR7_2_1\" ].fn();\n\t\t\t\t<\/script>\n<\/div>\n<\/div><\/div>\n<\/div>\n<\/div>\n<\/div>\n<\/div>\n<\/div>\n<div id=\"cmsmasters_row_ed7c4478b5\" class=\"cmsmasters_row cmsmasters_color_scheme_default cmsmasters_row_top_default cmsmasters_row_bot_default cmsmasters_row_boxed\">\n<div class=\"cmsmasters_row_outer_parent\">\n<div class=\"cmsmasters_row_outer\">\n<div class=\"cmsmasters_row_inner\">\n<div class=\"cmsmasters_row_margin\">\n<div id=\"cmsmasters_column_3051c0e337\" class=\"cmsmasters_column one_first\">\n<div class=\"cmsmasters_column_inner\"><div id=\"cmsmasters_fb_fc8a3fa2c6\" class=\"cmsmasters_featured_block\">\n<div class=\"featured_block_inner\">\n<div class=\"featured_block_text\">\n<div id=\"cmsmasters_heading_77ffc587b5\" class=\"cmsmasters_heading_wrap cmsmasters_heading_align_center\">\n\t<h3 class=\"cmsmasters_heading\">Welcome<\/h3>\n<\/div><div id=\"cmsmasters_heading_1eb0f666ef\" class=\"cmsmasters_heading_wrap cmsmasters_heading_align_center\">\n\t<h2 class=\"cmsmasters_heading\">Wonderful hotel in the heart of Budva, Montenegro.<\/h2>\n<\/div>\n\n<\/div>\n<\/div>\n<\/div>\n<div id=\"cmsmasters_fb_00ff7a1821\" class=\"cmsmasters_featured_block\">\n<div class=\"featured_block_inner\">\n<div class=\"featured_block_text\">\n<div class=\"w-full md:w-1\/2 flex items-center justify-center p-4\">\n<div class=\"bg-white w-&#091;80%&#093; md:w-&#091;40%&#093; p-2\"><\/div>\n<\/div>\n<div class=\"w-full md:w-1\/2 flex flex-col justify-between\">\n<p class=\"text-base md:text-lg mt-5\" style=\"text-align: center;\">The House Hotel redefines modern hospitality with a seamless blend of contemporary design, comfort, and personalized service. As a proud member of The House franchise, our hotel reflects a fresh, sophisticated approach to accommodation\u2014where minimalist aesthetics meet warm, authentic hospitality rooted in Turkish culture.<\/p>\n<\/div>\n<p style=\"text-align: center;\"><span style=\"color: #6a6a6a; font-size: 20px; line-height: 28px;\"><br \/>\n<\/span><div id=\"cmsmasters_heading_6fe465ad84\" class=\"cmsmasters_heading_wrap cmsmasters_heading_align_center\">\n\t<h4 class=\"cmsmasters_heading\"><a href=\"http:\/\/hotel-lux.cmsmasters.net\/our-services\/\">View Our Services<\/a><\/h4>\n<\/div>\n\n<\/div>\n<\/div>\n<\/div>\n<\/div><\/div>\n<\/div>\n<\/div>\n<\/div>\n<\/div>\n<\/div>\n<div id=\"cmsmasters_row_af46f52902\" class=\"cmsmasters_row cmsmasters_color_scheme_default cmsmasters_row_top_default cmsmasters_row_bot_default cmsmasters_row_boxed\">\n<div class=\"cmsmasters_row_outer_parent\">\n<div class=\"cmsmasters_row_outer\">\n<div class=\"cmsmasters_row_inner\">\n<div class=\"cmsmasters_row_margin\">\n<div id=\"cmsmasters_column_d6105993e1\" class=\"cmsmasters_column one_first\">\n<div class=\"cmsmasters_column_inner\"><div id=\"cmsmasters_heading_542e3ffdfb\" class=\"cmsmasters_heading_wrap cmsmasters_heading_align_center\">\n\t<h3 class=\"cmsmasters_heading\">Luxury<\/h3>\n<\/div>\n<div id=\"portfolio_z6dcnax0u9\" class=\"cmsmasters_wrap_portfolio entry-summary\" data-layout=\"grid\" data-layout-mode=\"perfect\" data-url=\"https:\/\/thehouserooms.com\/wp-content\/plugins\/cmsmasters-content-composer\/\" data-orderby=\"date\" data-order=\"DESC\" data-count=\"10\" data-categories=\"\" data-metadata=\"title,excerpt,more,categories,price\"><div class=\"cmsmasters_project_filter_wrap cmsmasters_items_filter_wrap\">\r\n\t\t<div class=\"cmsmasters_project_filter cmsmasters_items_filter\">\r\n\t\t\t<span class=\"cmsmasters_project_filter_loader cmsmasters_items_filter_loader\"><\/span><div class=\"cmsmasters_project_sort_block cmsmasters_items_sort_block\">\r\n\t\t\t\t\t<a href=\"#\" name=\"project_name\" title=\"Name\" class=\"button cmsmasters_project_sort_but cmsmasters_items_sort_but cmsmasters_theme_icon_slide_bottom\">\r\n\t\t\t\t\t\t<span>Name<\/span>\r\n\t\t\t\t\t<\/a>\r\n\t\t\t\t\t<a href=\"#\" name=\"project_date\" title=\"Date\" class=\"button cmsmasters_project_sort_but cmsmasters_items_sort_but cmsmasters_theme_icon_slide_bottom current reversed\">\r\n\t\t\t\t\t\t<span>Date<\/span>\r\n\t\t\t\t\t<\/a>\r\n\t\t\t\t<\/div><div class=\"cmsmasters_project_filter_block cmsmasters_items_filter_block\">\r\n\t\t\t\t\t<a class=\"cmsmasters_project_filter_but cmsmasters_items_filter_but cmsmasters_theme_icon_resp_nav button\">\r\n\t\t\t\t\t\t<span>Filter<\/span>\r\n\t\t\t\t\t<\/a>\r\n\t\t\t\t\t<ul class=\"cmsmasters_project_filter_list cmsmasters_items_filter_list\">\r\n\t\t\t\t\t\t<li class=\"current\">\r\n\t\t\t\t\t\t\t<a class=\"button\" data-filter=\"article.project\"  title=\"All Categories\" href=\"javascript:void(0)\">\r\n\t\t\t\t\t\t\t\t<span>All Categories<\/span>\r\n\t\t\t\t\t\t\t<\/a>\r\n\t\t\t\t\t\t<\/li><\/ul>\r\n\t\t\t\t<\/div><\/div>\r\n\t<\/div><div class=\"portfolio grid large_gap perfect cmsmasters_3\"><!-- Start Project Grid Article -->\r\n<article id=\"post-14972\" class=\"cmsmasters_project_grid post-14972 project type-project status-publish format-standard has-post-thumbnail hentry\">\r\n\t<div class=\"project_outer\">\r\n\t<div class=\"project_img_wrap\"><figure class=\"cmsmasters_img_rollover_wrap preloader\"><img loading=\"lazy\" decoding=\"async\" width=\"580\" height=\"420\" src=\"https:\/\/thehouserooms.com\/wp-content\/uploads\/2025\/07\/6-580x420.jpg\" class=\"full-width wp-post-image\" alt=\"Twin beds room 2\" title=\"6\" \/><a href=\"https:\/\/thehouserooms.com\/index.php\/room\/twin-bed-room-2\/\" title=\"Twin beds room 2\" class=\"cmsmasters_open_link\"><\/a><\/figure><\/div><header class=\"cmsmasters_project_header entry-header\"><h3 class=\"cmsmasters_project_title entry-title\"><a href=\"https:\/\/thehouserooms.com\/index.php\/room\/twin-bed-room-2\/\">Twin beds room 2<\/a><\/h3><\/header><div class=\"cmsmasters_project_cont_info_wrapper\"><a class=\"cmsmasters_project_read_more\" href=\"https:\/\/thehouserooms.com\/index.php\/room\/twin-bed-room-2\/\">Learn More<\/a><\/div><span class=\"dn meta-date\">20250711142419<\/span>\t<\/div>\r\n<\/article>\r\n<!-- Finish Project Grid Article -->\r\n\r\n<!-- Start Project Grid Article -->\r\n<article id=\"post-14964\" class=\"cmsmasters_project_grid post-14964 project type-project status-publish format-standard has-post-thumbnail hentry\">\r\n\t<div class=\"project_outer\">\r\n\t<div class=\"project_img_wrap\"><figure class=\"cmsmasters_img_rollover_wrap preloader\"><img loading=\"lazy\" decoding=\"async\" width=\"580\" height=\"420\" src=\"https:\/\/thehouserooms.com\/wp-content\/uploads\/2025\/07\/IMG_6524-copy-580x420.jpg\" class=\"full-width wp-post-image\" alt=\"Twin beds room\" title=\"IMG_6524 copy\" \/><a href=\"https:\/\/thehouserooms.com\/index.php\/room\/twin-beds-room\/\" title=\"Twin beds room\" class=\"cmsmasters_open_link\"><\/a><\/figure><\/div><header class=\"cmsmasters_project_header entry-header\"><h3 class=\"cmsmasters_project_title entry-title\"><a href=\"https:\/\/thehouserooms.com\/index.php\/room\/twin-beds-room\/\">Twin beds room<\/a><\/h3><\/header><div class=\"cmsmasters_project_cont_info_wrapper\"><a class=\"cmsmasters_project_read_more\" href=\"https:\/\/thehouserooms.com\/index.php\/room\/twin-beds-room\/\">Learn More<\/a><\/div><span class=\"dn meta-date\">20250711140614<\/span>\t<\/div>\r\n<\/article>\r\n<!-- Finish Project Grid Article -->\r\n\r\n<!-- Start Project Grid Article -->\r\n<article id=\"post-14955\" class=\"cmsmasters_project_grid post-14955 project type-project status-publish format-standard has-post-thumbnail hentry\">\r\n\t<div class=\"project_outer\">\r\n\t<div class=\"project_img_wrap\"><figure class=\"cmsmasters_img_rollover_wrap preloader\"><img loading=\"lazy\" decoding=\"async\" width=\"580\" height=\"420\" src=\"https:\/\/thehouserooms.com\/wp-content\/uploads\/2025\/07\/2-580x420.png\" class=\"full-width wp-post-image\" alt=\"Room 4\" title=\"2\" \/><a href=\"https:\/\/thehouserooms.com\/index.php\/room\/room-4\/\" title=\"Room 4\" class=\"cmsmasters_open_link\"><\/a><\/figure><\/div><header class=\"cmsmasters_project_header entry-header\"><h3 class=\"cmsmasters_project_title entry-title\"><a href=\"https:\/\/thehouserooms.com\/index.php\/room\/room-4\/\">Room 4<\/a><\/h3><\/header><div class=\"cmsmasters_project_cont_info_wrapper\"><a class=\"cmsmasters_project_read_more\" href=\"https:\/\/thehouserooms.com\/index.php\/room\/room-4\/\">Learn More<\/a><\/div><span class=\"dn meta-date\">20250710122356<\/span>\t<\/div>\r\n<\/article>\r\n<!-- Finish Project Grid Article -->\r\n\r\n<!-- Start Project Grid Article -->\r\n<article id=\"post-14942\" class=\"cmsmasters_project_grid post-14942 project type-project status-publish format-standard has-post-thumbnail hentry\">\r\n\t<div class=\"project_outer\">\r\n\t<div class=\"project_img_wrap\"><figure class=\"cmsmasters_img_rollover_wrap preloader\"><img loading=\"lazy\" decoding=\"async\" width=\"580\" height=\"420\" src=\"https:\/\/thehouserooms.com\/wp-content\/uploads\/2025\/07\/IMG_5680-copy-580x420.jpg\" class=\"full-width wp-post-image\" alt=\"Deluxe King\" title=\"IMG_5680 copy\" \/><a href=\"https:\/\/thehouserooms.com\/index.php\/room\/deluxe-king\/\" title=\"Deluxe King\" class=\"cmsmasters_open_link\"><\/a><\/figure><\/div><header class=\"cmsmasters_project_header entry-header\"><h3 class=\"cmsmasters_project_title entry-title\"><a href=\"https:\/\/thehouserooms.com\/index.php\/room\/deluxe-king\/\">Deluxe King<\/a><\/h3><\/header><div class=\"cmsmasters_project_cont_info_wrapper\"><a class=\"cmsmasters_project_read_more\" href=\"https:\/\/thehouserooms.com\/index.php\/room\/deluxe-king\/\">Learn More<\/a><\/div><span class=\"dn meta-date\">20250710122203<\/span>\t<\/div>\r\n<\/article>\r\n<!-- Finish Project Grid Article -->\r\n\r\n<!-- Start Project Grid Article -->\r\n<article id=\"post-14931\" class=\"cmsmasters_project_grid post-14931 project type-project status-publish format-standard has-post-thumbnail hentry\">\r\n\t<div class=\"project_outer\">\r\n\t<div class=\"project_img_wrap\"><figure class=\"cmsmasters_img_rollover_wrap preloader\"><img loading=\"lazy\" decoding=\"async\" width=\"580\" height=\"420\" src=\"https:\/\/thehouserooms.com\/wp-content\/uploads\/2025\/07\/IMG_6170-2-copy-580x420.jpg\" class=\"full-width wp-post-image\" alt=\"Standard room 2\" title=\"IMG_6170 2 copy\" \/><a href=\"https:\/\/thehouserooms.com\/index.php\/room\/standard-room-2\/\" title=\"Standard room 2\" class=\"cmsmasters_open_link\"><\/a><\/figure><\/div><header class=\"cmsmasters_project_header entry-header\"><h3 class=\"cmsmasters_project_title entry-title\"><a href=\"https:\/\/thehouserooms.com\/index.php\/room\/standard-room-2\/\">Standard room 2<\/a><\/h3><\/header><div class=\"cmsmasters_project_cont_info_wrapper\"><a class=\"cmsmasters_project_read_more\" href=\"https:\/\/thehouserooms.com\/index.php\/room\/standard-room-2\/\">Learn More<\/a><\/div><span class=\"dn meta-date\">20250710115710<\/span>\t<\/div>\r\n<\/article>\r\n<!-- Finish Project Grid Article -->\r\n\r\n<!-- Start Project Grid Article -->\r\n<article id=\"post-14920\" class=\"cmsmasters_project_grid post-14920 project type-project status-publish format-standard has-post-thumbnail hentry\">\r\n\t<div class=\"project_outer\">\r\n\t<div class=\"project_img_wrap\"><figure class=\"cmsmasters_img_rollover_wrap preloader\"><img loading=\"lazy\" decoding=\"async\" width=\"580\" height=\"420\" src=\"https:\/\/thehouserooms.com\/wp-content\/uploads\/2025\/07\/IMG_6195-2-copy-580x420.jpg\" class=\"full-width wp-post-image\" alt=\"Standard room\" title=\"IMG_6195 2 copy\" \/><a href=\"https:\/\/thehouserooms.com\/index.php\/room\/standard-room\/\" title=\"Standard room\" class=\"cmsmasters_open_link\"><\/a><\/figure><\/div><header class=\"cmsmasters_project_header entry-header\"><h3 class=\"cmsmasters_project_title entry-title\"><a href=\"https:\/\/thehouserooms.com\/index.php\/room\/standard-room\/\">Standard room<\/a><\/h3><\/header><div class=\"cmsmasters_project_cont_info_wrapper\"><a class=\"cmsmasters_project_read_more\" href=\"https:\/\/thehouserooms.com\/index.php\/room\/standard-room\/\">Learn More<\/a><\/div><span class=\"dn meta-date\">20250710114628<\/span>\t<\/div>\r\n<\/article>\r\n<!-- Finish Project Grid Article -->\r\n\r\n<\/div><div class=\"cmsmasters_wrap_more_projects cmsmasters_wrap_more_items\"><\/div><\/div>\n<\/div><\/div>\n<\/div>\n<\/div>\n<\/div>\n<\/div>\n<\/div>\n<div id=\"cmsmasters_row_7c6e57ce62\" class=\"cmsmasters_row cmsmasters_color_scheme_default cmsmasters_row_top_default cmsmasters_row_bot_default cmsmasters_row_boxed\">\n<div class=\"cmsmasters_row_outer_parent\">\n<div class=\"cmsmasters_row_outer\">\n<div class=\"cmsmasters_row_inner\">\n<div class=\"cmsmasters_row_margin\">\n<div id=\"cmsmasters_column_5d22a48de4\" class=\"cmsmasters_column one_first\">\n<div class=\"cmsmasters_column_inner\"><div id=\"cmsmasters_heading_6295ea8cf5\" class=\"cmsmasters_heading_wrap cmsmasters_heading_align_center\">\n\t<h3 class=\"cmsmasters_heading\">Client<\/h3>\n<\/div><div id=\"cmsmasters_heading_8b3b19d09c\" class=\"cmsmasters_heading_wrap cmsmasters_heading_align_center\">\n\t<h2 class=\"cmsmasters_heading\">Testimonials<\/h2>\n<\/div><div class=\"cmsmasters_quotes_slider_wrap\">\n<div id=\"cmsmasters_quotes_slider_ab8440da9b\" class=\"cmsmasters_quotes cmsmasters_quotes_slider cmsmasters_quotes_slider_type_center cmsmasters_owl_slider owl-carousel\" data-auto-play=\"5000\" data-pagination=\"false\" data-navigation=\"true\"><div class=\"cmsmasters_quote cmsmasters_owl_slider_item\">\n<!-- Start Quote Slider Article -->\r\n<article class=\"cmsmasters_quote_inner\"><figure class=\"cmsmasters_quote_image\"><img loading=\"lazy\" decoding=\"async\" width=\"300\" height=\"300\" src=\"https:\/\/thehouserooms.com\/wp-content\/uploads\/2017\/05\/04-300x300.jpg\" class=\"attachment-cmsmasters-square-thumb size-cmsmasters-square-thumb\" alt=\"\" srcset=\"https:\/\/thehouserooms.com\/wp-content\/uploads\/2017\/05\/04-300x300.jpg 300w, https:\/\/thehouserooms.com\/wp-content\/uploads\/2017\/05\/04-540x540.jpg 540w, https:\/\/thehouserooms.com\/wp-content\/uploads\/2017\/05\/04-100x100.jpg 100w, https:\/\/thehouserooms.com\/wp-content\/uploads\/2017\/05\/04-150x150.jpg 150w, https:\/\/thehouserooms.com\/wp-content\/uploads\/2017\/05\/04-64x64.jpg 64w\" sizes=\"auto, (max-width: 300px) 100vw, 300px\" \/><\/figure><div class=\"cmsmasters_quote_content\">\n<p>Chilling out on the bed in your hotel room watching television, while wearing your own pajamas, is sometimes the best part of a vacation.<\/p>\n<\/div><header class=\"cmsmasters_quote_header\"><h4 class=\"cmsmasters_quote_title\">Ahmet Y\u0131lmaz<\/h4><div class=\"cmsmasters_quote_subtitle_wrap\"><h4 class=\"cmsmasters_quote_subtitle\">Designer<\/h4><\/div><\/header><\/article>\r\n<!-- Finish Quote Slider Article -->\r\n\r\n<\/div>\n<div class=\"cmsmasters_quote cmsmasters_owl_slider_item\">\n<!-- Start Quote Slider Article -->\r\n<article class=\"cmsmasters_quote_inner\"><figure class=\"cmsmasters_quote_image\"><img loading=\"lazy\" decoding=\"async\" width=\"300\" height=\"300\" src=\"https:\/\/thehouserooms.com\/wp-content\/uploads\/2017\/05\/03-300x300.jpg\" class=\"attachment-cmsmasters-square-thumb size-cmsmasters-square-thumb\" alt=\"\" srcset=\"https:\/\/thehouserooms.com\/wp-content\/uploads\/2017\/05\/03-300x300.jpg 300w, https:\/\/thehouserooms.com\/wp-content\/uploads\/2017\/05\/03-540x540.jpg 540w, https:\/\/thehouserooms.com\/wp-content\/uploads\/2017\/05\/03-100x100.jpg 100w, https:\/\/thehouserooms.com\/wp-content\/uploads\/2017\/05\/03-150x150.jpg 150w, https:\/\/thehouserooms.com\/wp-content\/uploads\/2017\/05\/03-64x64.jpg 64w\" sizes=\"auto, (max-width: 300px) 100vw, 300px\" \/><\/figure><div class=\"cmsmasters_quote_content\">\n<p>The Hotel is simply amazing. The subtle luxury of refined simplicity, uncluttered and unpretentious. Very private and the staff is an attentive and discreet.<\/p>\n<\/div><header class=\"cmsmasters_quote_header\"><h4 class=\"cmsmasters_quote_title\">Cemre Solmaz<\/h4><div class=\"cmsmasters_quote_subtitle_wrap\"><h4 class=\"cmsmasters_quote_subtitle\">Developer<\/h4><\/div><\/header><\/article>\r\n<!-- Finish Quote Slider Article -->\r\n\r\n<\/div>\n<div class=\"cmsmasters_quote cmsmasters_owl_slider_item\">\n<!-- Start Quote Slider Article -->\r\n<article class=\"cmsmasters_quote_inner\"><figure class=\"cmsmasters_quote_image\"><img loading=\"lazy\" decoding=\"async\" width=\"300\" height=\"300\" src=\"https:\/\/thehouserooms.com\/wp-content\/uploads\/2017\/05\/02-300x300.jpg\" class=\"attachment-cmsmasters-square-thumb size-cmsmasters-square-thumb\" alt=\"\" srcset=\"https:\/\/thehouserooms.com\/wp-content\/uploads\/2017\/05\/02-300x300.jpg 300w, https:\/\/thehouserooms.com\/wp-content\/uploads\/2017\/05\/02-540x540.jpg 540w, https:\/\/thehouserooms.com\/wp-content\/uploads\/2017\/05\/02-100x100.jpg 100w, https:\/\/thehouserooms.com\/wp-content\/uploads\/2017\/05\/02-150x150.jpg 150w, https:\/\/thehouserooms.com\/wp-content\/uploads\/2017\/05\/02-64x64.jpg 64w\" sizes=\"auto, (max-width: 300px) 100vw, 300px\" \/><\/figure><div class=\"cmsmasters_quote_content\">\n<p>I was welcomed by a unique and attentive staff that has few peers in a city filed with great hotels with exemplary service. Beautiful and very special.<\/p>\n<\/div><header class=\"cmsmasters_quote_header\"><h4 class=\"cmsmasters_quote_title\">Yaren K\u0131l\u0131\u00e7<\/h4><div class=\"cmsmasters_quote_subtitle_wrap\"><h4 class=\"cmsmasters_quote_subtitle\">Model<\/h4><\/div><\/header><\/article>\r\n<!-- Finish Quote Slider Article -->\r\n\r\n<\/div>\n<\/div>\n<\/div>\n<\/div><\/div>\n<\/div>\n<\/div>\n<\/div>\n<\/div>\n<\/div>\n<div id=\"cmsmasters_row_02c9e978dc\" class=\"cmsmasters_row cmsmasters_color_scheme_default cmsmasters_row_top_default cmsmasters_row_bot_default cmsmasters_row_boxed\">\n<div class=\"cmsmasters_row_outer_parent\">\n<div class=\"cmsmasters_row_outer\">\n<div class=\"cmsmasters_row_inner\">\n<div class=\"cmsmasters_row_margin\">\n<div id=\"cmsmasters_column_55adf2b1ca\" class=\"cmsmasters_column one_first\">\n<div class=\"cmsmasters_column_inner\"><div id=\"cmsmasters_fb_07a06787fa\" class=\"cmsmasters_featured_block\">\n<div class=\"featured_block_inner\">\n<div class=\"featured_block_text\">\n<div id=\"cmsmasters_heading_0e46c4b230\" class=\"cmsmasters_heading_wrap cmsmasters_heading_align_left\">\n\t<h3 class=\"cmsmasters_heading\">Discount!<\/h3>\n<\/div><div id=\"cmsmasters_heading_5406f305e8\" class=\"cmsmasters_heading_wrap cmsmasters_heading_align_left\">\n\t<h2 class=\"cmsmasters_heading\">Take advantage of our seasonal specials.<\/h2>\n<\/div>\n\n<\/div>\n<\/div>\n<\/div>\n<div id=\"cmsmasters_heading_3dcab88e74\" class=\"cmsmasters_heading_wrap cmsmasters_heading_align_left\">\n\t<h4 class=\"cmsmasters_heading\"><a href=\"http:\/\/hotel-lux.cmsmasters.net\/reservation\/\">Make a Reservation<\/a><\/h4>\n<\/div>\n<\/div><\/div>\n<\/div>\n<\/div>\n<\/div>\n<\/div>\n<\/div>\n\n","protected":false},"excerpt":{"rendered":"","protected":false},"author":3,"featured_media":0,"parent":0,"menu_order":0,"comment_status":"closed","ping_status":"closed","template":"","meta":{"footnotes":""},"class_list":["post-7366","page","type-page","status-publish","hentry"],"_links":{"self":[{"href":"https:\/\/thehouserooms.com\/index.php\/wp-json\/wp\/v2\/pages\/7366","targetHints":{"allow":["GET"]}}],"collection":[{"href":"https:\/\/thehouserooms.com\/index.php\/wp-json\/wp\/v2\/pages"}],"about":[{"href":"https:\/\/thehouserooms.com\/index.php\/wp-json\/wp\/v2\/types\/page"}],"author":[{"embeddable":true,"href":"https:\/\/thehouserooms.com\/index.php\/wp-json\/wp\/v2\/users\/3"}],"replies":[{"embeddable":true,"href":"https:\/\/thehouserooms.com\/index.php\/wp-json\/wp\/v2\/comments?post=7366"}],"version-history":[{"count":14,"href":"https:\/\/thehouserooms.com\/index.php\/wp-json\/wp\/v2\/pages\/7366\/revisions"}],"predecessor-version":[{"id":14987,"href":"https:\/\/thehouserooms.com\/index.php\/wp-json\/wp\/v2\/pages\/7366\/revisions\/14987"}],"wp:attachment":[{"href":"https:\/\/thehouserooms.com\/index.php\/wp-json\/wp\/v2\/media?parent=7366"}],"curies":[{"name":"wp","href":"https:\/\/api.w.org\/{rel}","templated":true}]}}